{"id":1484,"date":"2026-02-26T18:36:01","date_gmt":"2026-02-26T17:36:01","guid":{"rendered":"https:\/\/www.cardinal-creation.com\/at-packaging\/?page_id=1484"},"modified":"2026-04-23T17:30:16","modified_gmt":"2026-04-23T15:30:16","slug":"contact","status":"publish","type":"page","link":"https:\/\/www.cardinal-creation.com\/at-packaging\/contact\/","title":{"rendered":"Contact"},"content":{"rendered":"\t\t<div data-elementor-type=\"wp-page\" data-elementor-id=\"1484\" class=\"elementor elementor-1484\" data-elementor-post-type=\"page\">\n\t\t\t\t<div class=\"elementor-element elementor-element-270af2b e-flex e-con-boxed e-con e-parent\" data-id=\"270af2b\" data-element_type=\"container\" data-e-type=\"container\" data-settings=\"{&quot;background_background&quot;:&quot;classic&quot;}\">\n\t\t\t\t\t<div class=\"e-con-inner\">\n\t\t\t\t<div class=\"elementor-element elementor-element-a9876e6 animated-slow elementor-invisible elementor-widget elementor-widget-heading\" data-id=\"a9876e6\" data-element_type=\"widget\" data-e-type=\"widget\" data-settings=\"{&quot;_animation&quot;:&quot;fadeIn&quot;,&quot;_animation_delay&quot;:150}\" data-widget_type=\"heading.default\">\n\t\t\t\t<div class=\"elementor-widget-container\">\n\t\t\t\t\t<h1 class=\"elementor-heading-title elementor-size-default\">Parlons de votre projet<\/h1>\t\t\t\t<\/div>\n\t\t\t\t<\/div>\n\t\t\t\t\t<\/div>\n\t\t\t\t<\/div>\n\t\t<div class=\"elementor-element elementor-element-aa5dac1 degrade-bleu e-flex e-con-boxed e-con e-parent\" data-id=\"aa5dac1\" data-element_type=\"container\" data-e-type=\"container\" data-settings=\"{&quot;background_background&quot;:&quot;classic&quot;}\">\n\t\t\t\t\t<div class=\"e-con-inner\">\n\t\t<div class=\"elementor-element elementor-element-3899246 e-con-full e-flex e-con e-child\" data-id=\"3899246\" data-element_type=\"container\" data-e-type=\"container\">\n\t\t\t\t<div class=\"elementor-element elementor-element-09ff855 elementor-widget-mobile__width-inherit elementor-widget elementor-widget-heading\" data-id=\"09ff855\" data-element_type=\"widget\" data-e-type=\"widget\" data-widget_type=\"heading.default\">\n\t\t\t\t<div class=\"elementor-widget-container\">\n\t\t\t\t\t<h2 class=\"elementor-heading-title elementor-size-default\">Envoyez votre demande<\/h2>\t\t\t\t<\/div>\n\t\t\t\t<\/div>\n\t\t\t\t<\/div>\n\t\t\t\t<div class=\"elementor-element elementor-element-6de0646 elementor-widget__width-initial elementor-widget-tablet__width-inherit degrade-orange elementor-button-align-stretch elementor-widget elementor-widget-form\" data-id=\"6de0646\" data-element_type=\"widget\" data-e-type=\"widget\" data-settings=\"{&quot;step_next_label&quot;:&quot;Suivant&quot;,&quot;step_previous_label&quot;:&quot;Pr\\u00e9c\\u00e9dent&quot;,&quot;button_width&quot;:&quot;100&quot;,&quot;step_type&quot;:&quot;number_text&quot;,&quot;step_icon_shape&quot;:&quot;circle&quot;}\" data-widget_type=\"form.default\">\n\t\t\t\t<div class=\"elementor-widget-container\">\n\t\t\t\t\t\t\t<form class=\"elementor-form\" method=\"post\" name=\"Nouveau formulaire\" aria-label=\"Nouveau formulaire\">\n\t\t\t<input type=\"hidden\" name=\"post_id\" value=\"1484\"\/>\n\t\t\t<input type=\"hidden\" name=\"form_id\" value=\"6de0646\"\/>\n\t\t\t<input type=\"hidden\" name=\"referer_title\" value=\"Contact - AT Packaging\" \/>\n\n\t\t\t\t\t\t\t<input type=\"hidden\" name=\"queried_id\" value=\"1484\"\/>\n\t\t\t\n\t\t\t<div class=\"elementor-form-fields-wrapper elementor-labels-above\">\n\t\t\t\t\t\t\t\t<div class=\"elementor-field-type-text elementor-field-group elementor-column elementor-field-group-field_afe7fde elementor-col-50 elementor-field-required elementor-mark-required\">\n\t\t\t\t\t\t\t\t\t\t\t\t<label for=\"form-field-field_afe7fde\" class=\"elementor-field-label\">\n\t\t\t\t\t\t\t\tNom\t\t\t\t\t\t\t<\/label>\n\t\t\t\t\t\t\t\t\t\t\t\t\t\t<input size=\"1\" type=\"text\" name=\"form_fields[field_afe7fde]\" id=\"form-field-field_afe7fde\" class=\"elementor-field elementor-size-sm  elementor-field-textual\" placeholder=\"Nom\" required=\"required\">\n\t\t\t\t\t\t\t\t\t\t\t<\/div>\n\t\t\t\t\t\t\t\t<div class=\"elementor-field-type-text elementor-field-group elementor-column elementor-field-group-name elementor-col-50 elementor-field-required elementor-mark-required\">\n\t\t\t\t\t\t\t\t\t\t\t\t<label for=\"form-field-name\" class=\"elementor-field-label\">\n\t\t\t\t\t\t\t\tPr\u00e9nom\t\t\t\t\t\t\t<\/label>\n\t\t\t\t\t\t\t\t\t\t\t\t\t\t<input size=\"1\" type=\"text\" name=\"form_fields[name]\" id=\"form-field-name\" class=\"elementor-field elementor-size-sm  elementor-field-textual\" placeholder=\"Pr\u00e9nom\" required=\"required\">\n\t\t\t\t\t\t\t\t\t\t\t<\/div>\n\t\t\t\t\t\t\t\t<div class=\"elementor-field-type-email elementor-field-group elementor-column elementor-field-group-email elementor-col-50 elementor-field-required elementor-mark-required\">\n\t\t\t\t\t\t\t\t\t\t\t\t<label for=\"form-field-email\" class=\"elementor-field-label\">\n\t\t\t\t\t\t\t\tE-mail\t\t\t\t\t\t\t<\/label>\n\t\t\t\t\t\t\t\t\t\t\t\t\t\t<input size=\"1\" type=\"email\" name=\"form_fields[email]\" id=\"form-field-email\" class=\"elementor-field elementor-size-sm  elementor-field-textual\" placeholder=\"E-mail\" required=\"required\">\n\t\t\t\t\t\t\t\t\t\t\t<\/div>\n\t\t\t\t\t\t\t\t<div class=\"elementor-field-type-tel elementor-field-group elementor-column elementor-field-group-field_fb6749a elementor-col-50 elementor-field-required elementor-mark-required\">\n\t\t\t\t\t\t\t\t\t\t\t\t<label for=\"form-field-field_fb6749a\" class=\"elementor-field-label\">\n\t\t\t\t\t\t\t\tT\u00e9l\u00e9phone\t\t\t\t\t\t\t<\/label>\n\t\t\t\t\t\t\t\t<input size=\"1\" type=\"tel\" name=\"form_fields[field_fb6749a]\" id=\"form-field-field_fb6749a\" class=\"elementor-field elementor-size-sm  elementor-field-textual\" placeholder=\"T\u00e9l\u00e9phone\" required=\"required\" pattern=\"[0-9()#&amp;+*-=.]+\" title=\"Seuls les caract\u00e8res de num\u00e9ros de t\u00e9l\u00e9phone (#, -, *, etc.) sont accept\u00e9s.\">\n\n\t\t\t\t\t\t<\/div>\n\t\t\t\t\t\t\t\t<div class=\"elementor-field-type-select elementor-field-group elementor-column elementor-field-group-field_f2a3a9d elementor-col-100 elementor-field-required elementor-mark-required\">\n\t\t\t\t\t\t\t\t\t\t\t\t<label for=\"form-field-field_f2a3a9d\" class=\"elementor-field-label\">\n\t\t\t\t\t\t\t\tSujet du message\t\t\t\t\t\t\t<\/label>\n\t\t\t\t\t\t\t\t<div class=\"elementor-field elementor-select-wrapper remove-before \">\n\t\t\t<div class=\"select-caret-down-wrapper\">\n\t\t\t\t<i aria-hidden=\"true\" class=\"eicon-caret-down\"><\/i>\t\t\t<\/div>\n\t\t\t<select name=\"form_fields[field_f2a3a9d]\" id=\"form-field-field_f2a3a9d\" class=\"elementor-field-textual elementor-size-sm\" required=\"required\">\n\t\t\t\t\t\t\t\t\t<option value=\"--\">--<\/option>\n\t\t\t\t\t\t\t\t\t<option value=\"Fabrication d&#039;emballages et d\u00e9coration\">Fabrication d&#039;emballages et d\u00e9coration<\/option>\n\t\t\t\t\t\t\t\t\t<option value=\"Sous-traitance d\u00e9coration\">Sous-traitance d\u00e9coration<\/option>\n\t\t\t\t\t\t\t\t\t<option value=\"Machine de production\">Machine de production<\/option>\n\t\t\t\t\t\t\t\t\t<option value=\"Recrutement\">Recrutement<\/option>\n\t\t\t\t\t\t\t\t\t<option value=\"Autres\">Autres<\/option>\n\t\t\t\t\t\t\t<\/select>\n\t\t<\/div>\n\t\t\t\t\t\t<\/div>\n\t\t\t\t\t\t\t\t<div class=\"elementor-field-type-textarea elementor-field-group elementor-column elementor-field-group-message elementor-col-100\">\n\t\t\t\t\t\t\t\t\t\t\t\t<label for=\"form-field-message\" class=\"elementor-field-label\">\n\t\t\t\t\t\t\t\tVotre message\t\t\t\t\t\t\t<\/label>\n\t\t\t\t\t\t<textarea class=\"elementor-field-textual elementor-field  elementor-size-sm\" name=\"form_fields[message]\" id=\"form-field-message\" rows=\"7\" placeholder=\"D\u00e9crivez-nous votre besoin, objectifs et calendrier\"><\/textarea>\t\t\t\t<\/div>\n\t\t\t\t\t\t\t\t<div class=\"elementor-field-type-upload elementor-field-group elementor-column elementor-field-group-field_944c1dc elementor-col-100\">\n\t\t\t\t\t\t\t\t\t\t\t\t<label for=\"form-field-field_944c1dc\" class=\"elementor-field-label\">\n\t\t\t\t\t\t\t\tAvez-vous un document \u00e0 partager ?\t\t\t\t\t\t\t<\/label>\n\t\t\t\t\t\t\t\t<input type=\"file\" name=\"form_fields[field_944c1dc][]\" id=\"form-field-field_944c1dc\" class=\"elementor-field elementor-size-sm  elementor-upload-field\" multiple=\"multiple\">\n\n\t\t\t\t\t\t<\/div>\n\t\t\t\t\t\t\t\t<div class=\"elementor-field-type-acceptance elementor-field-group elementor-column elementor-field-group-field_e5670fe elementor-col-100 elementor-field-required elementor-mark-required\">\n\t\t\t\t\t\t\t<div class=\"elementor-field-subgroup\">\n\t\t\t<span class=\"elementor-field-option\">\n\t\t\t\t<input type=\"checkbox\" name=\"form_fields[field_e5670fe]\" id=\"form-field-field_e5670fe\" class=\"elementor-field elementor-size-sm  elementor-acceptance-field\" required=\"required\">\n\t\t\t\t<label for=\"form-field-field_e5670fe\"><span style=\"font-size:14px; text-transform:none; position: relative; bottom: 2px;\">\n  J\u2019accepte l\u2019utilisation de mes donn\u00e9es pour traiter cette demande.\n<\/span><\/label>\t\t\t<\/span>\n\t\t<\/div>\n\t\t\t\t\t\t<\/div>\n\t\t\t\t\t\t\t\t<div class=\"elementor-field-group elementor-column elementor-field-type-submit elementor-col-100 e-form__buttons\">\n\t\t\t\t\t<button class=\"elementor-button elementor-size-md\" type=\"submit\">\n\t\t\t\t\t\t<span class=\"elementor-button-content-wrapper\">\n\t\t\t\t\t\t\t\t\t\t\t\t\t\t\t\t\t\t\t\t\t\t<span class=\"elementor-button-text\">Envoyer la demande<\/span>\n\t\t\t\t\t\t\t\t\t\t\t\t\t<\/span>\n\t\t\t\t\t<\/button>\n\t\t\t\t<\/div>\n\t\t\t<\/div>\n\t\t<\/form>\n\t\t\t\t\t\t<\/div>\n\t\t\t\t<\/div>\n\t\t\t\t\t<\/div>\n\t\t\t\t<\/div>\n\t\t\t\t<\/div>\n\t\t","protected":false},"excerpt":{"rendered":"<p>Parlons de votre projet Envoyez votre demande<\/p>\n","protected":false},"author":1,"featured_media":0,"parent":0,"menu_order":0,"comment_status":"closed","ping_status":"closed","template":"","meta":{"_acf_changed":false,"footnotes":""},"class_list":["post-1484","page","type-page","status-publish","hentry"],"acf":[],"yoast_head":"<!-- This site is optimized with the Yoast SEO plugin v27.4 - https:\/\/yoast.com\/product\/yoast-seo-wordpress\/ -->\n<title>Contact - AT Packaging<\/title>\n<meta name=\"robots\" content=\"noindex, follow, max-snippet:-1, max-image-preview:large, max-video-preview:-1\" \/>\n<meta property=\"og:locale\" content=\"fr_FR\" \/>\n<meta property=\"og:type\" content=\"article\" \/>\n<meta property=\"og:title\" content=\"Contact - AT Packaging\" \/>\n<meta property=\"og:description\" content=\"Parlons de votre projet Envoyez votre demande\" \/>\n<meta property=\"og:url\" content=\"https:\/\/www.cardinal-creation.com\/at-packaging\/contact\/\" \/>\n<meta property=\"og:site_name\" content=\"AT Packaging\" \/>\n<meta property=\"article:modified_time\" content=\"2026-04-23T15:30:16+00:00\" \/>\n<meta name=\"twitter:card\" content=\"summary_large_image\" \/>\n<meta name=\"twitter:label1\" content=\"Dur\u00e9e de lecture estim\u00e9e\" \/>\n\t<meta name=\"twitter:data1\" content=\"1 minute\" \/>\n<script type=\"application\/ld+json\" class=\"yoast-schema-graph\">{\"@context\":\"https:\\\/\\\/schema.org\",\"@graph\":[{\"@type\":\"WebPage\",\"@id\":\"https:\\\/\\\/www.cardinal-creation.com\\\/at-packaging\\\/contact\\\/\",\"url\":\"https:\\\/\\\/www.cardinal-creation.com\\\/at-packaging\\\/contact\\\/\",\"name\":\"Contact - AT Packaging\",\"isPartOf\":{\"@id\":\"https:\\\/\\\/www.cardinal-creation.com\\\/at-packaging\\\/#website\"},\"datePublished\":\"2026-02-26T17:36:01+00:00\",\"dateModified\":\"2026-04-23T15:30:16+00:00\",\"breadcrumb\":{\"@id\":\"https:\\\/\\\/www.cardinal-creation.com\\\/at-packaging\\\/contact\\\/#breadcrumb\"},\"inLanguage\":\"fr-FR\",\"potentialAction\":[{\"@type\":\"ReadAction\",\"target\":[\"https:\\\/\\\/www.cardinal-creation.com\\\/at-packaging\\\/contact\\\/\"]}]},{\"@type\":\"BreadcrumbList\",\"@id\":\"https:\\\/\\\/www.cardinal-creation.com\\\/at-packaging\\\/contact\\\/#breadcrumb\",\"itemListElement\":[{\"@type\":\"ListItem\",\"position\":1,\"name\":\"Accueil\",\"item\":\"https:\\\/\\\/www.cardinal-creation.com\\\/at-packaging\\\/\"},{\"@type\":\"ListItem\",\"position\":2,\"name\":\"Contact\"}]},{\"@type\":\"WebSite\",\"@id\":\"https:\\\/\\\/www.cardinal-creation.com\\\/at-packaging\\\/#website\",\"url\":\"https:\\\/\\\/www.cardinal-creation.com\\\/at-packaging\\\/\",\"name\":\"AT Packaging\",\"description\":\"Fabricant et d\u00e9corateur d&#039;emballages thermoplastiques\",\"publisher\":{\"@id\":\"https:\\\/\\\/www.cardinal-creation.com\\\/at-packaging\\\/#organization\"},\"potentialAction\":[{\"@type\":\"SearchAction\",\"target\":{\"@type\":\"EntryPoint\",\"urlTemplate\":\"https:\\\/\\\/www.cardinal-creation.com\\\/at-packaging\\\/?s={search_term_string}\"},\"query-input\":{\"@type\":\"PropertyValueSpecification\",\"valueRequired\":true,\"valueName\":\"search_term_string\"}}],\"inLanguage\":\"fr-FR\"},{\"@type\":\"Organization\",\"@id\":\"https:\\\/\\\/www.cardinal-creation.com\\\/at-packaging\\\/#organization\",\"name\":\"AT Packaging\",\"url\":\"https:\\\/\\\/www.cardinal-creation.com\\\/at-packaging\\\/\",\"logo\":{\"@type\":\"ImageObject\",\"inLanguage\":\"fr-FR\",\"@id\":\"https:\\\/\\\/www.cardinal-creation.com\\\/at-packaging\\\/#\\\/schema\\\/logo\\\/image\\\/\",\"url\":\"https:\\\/\\\/www.cardinal-creation.com\\\/at-packaging\\\/wp-content\\\/uploads\\\/2023\\\/01\\\/AT-Packaging-logo.svg\",\"contentUrl\":\"https:\\\/\\\/www.cardinal-creation.com\\\/at-packaging\\\/wp-content\\\/uploads\\\/2023\\\/01\\\/AT-Packaging-logo.svg\",\"width\":198,\"height\":42,\"caption\":\"AT Packaging\"},\"image\":{\"@id\":\"https:\\\/\\\/www.cardinal-creation.com\\\/at-packaging\\\/#\\\/schema\\\/logo\\\/image\\\/\"}}]}<\/script>\n<!-- \/ Yoast SEO plugin. -->","yoast_head_json":{"title":"Contact - AT Packaging","robots":{"index":"noindex","follow":"follow","max-snippet":"max-snippet:-1","max-image-preview":"max-image-preview:large","max-video-preview":"max-video-preview:-1"},"og_locale":"fr_FR","og_type":"article","og_title":"Contact - AT Packaging","og_description":"Parlons de votre projet Envoyez votre demande","og_url":"https:\/\/www.cardinal-creation.com\/at-packaging\/contact\/","og_site_name":"AT Packaging","article_modified_time":"2026-04-23T15:30:16+00:00","twitter_card":"summary_large_image","twitter_misc":{"Dur\u00e9e de lecture estim\u00e9e":"1 minute"},"schema":{"@context":"https:\/\/schema.org","@graph":[{"@type":"WebPage","@id":"https:\/\/www.cardinal-creation.com\/at-packaging\/contact\/","url":"https:\/\/www.cardinal-creation.com\/at-packaging\/contact\/","name":"Contact - AT Packaging","isPartOf":{"@id":"https:\/\/www.cardinal-creation.com\/at-packaging\/#website"},"datePublished":"2026-02-26T17:36:01+00:00","dateModified":"2026-04-23T15:30:16+00:00","breadcrumb":{"@id":"https:\/\/www.cardinal-creation.com\/at-packaging\/contact\/#breadcrumb"},"inLanguage":"fr-FR","potentialAction":[{"@type":"ReadAction","target":["https:\/\/www.cardinal-creation.com\/at-packaging\/contact\/"]}]},{"@type":"BreadcrumbList","@id":"https:\/\/www.cardinal-creation.com\/at-packaging\/contact\/#breadcrumb","itemListElement":[{"@type":"ListItem","position":1,"name":"Accueil","item":"https:\/\/www.cardinal-creation.com\/at-packaging\/"},{"@type":"ListItem","position":2,"name":"Contact"}]},{"@type":"WebSite","@id":"https:\/\/www.cardinal-creation.com\/at-packaging\/#website","url":"https:\/\/www.cardinal-creation.com\/at-packaging\/","name":"AT Packaging","description":"Fabricant et d\u00e9corateur d&#039;emballages thermoplastiques","publisher":{"@id":"https:\/\/www.cardinal-creation.com\/at-packaging\/#organization"},"potentialAction":[{"@type":"SearchAction","target":{"@type":"EntryPoint","urlTemplate":"https:\/\/www.cardinal-creation.com\/at-packaging\/?s={search_term_string}"},"query-input":{"@type":"PropertyValueSpecification","valueRequired":true,"valueName":"search_term_string"}}],"inLanguage":"fr-FR"},{"@type":"Organization","@id":"https:\/\/www.cardinal-creation.com\/at-packaging\/#organization","name":"AT Packaging","url":"https:\/\/www.cardinal-creation.com\/at-packaging\/","logo":{"@type":"ImageObject","inLanguage":"fr-FR","@id":"https:\/\/www.cardinal-creation.com\/at-packaging\/#\/schema\/logo\/image\/","url":"https:\/\/www.cardinal-creation.com\/at-packaging\/wp-content\/uploads\/2023\/01\/AT-Packaging-logo.svg","contentUrl":"https:\/\/www.cardinal-creation.com\/at-packaging\/wp-content\/uploads\/2023\/01\/AT-Packaging-logo.svg","width":198,"height":42,"caption":"AT Packaging"},"image":{"@id":"https:\/\/www.cardinal-creation.com\/at-packaging\/#\/schema\/logo\/image\/"}}]}},"_links":{"self":[{"href":"https:\/\/www.cardinal-creation.com\/at-packaging\/wp-json\/wp\/v2\/pages\/1484","targetHints":{"allow":["GET"]}}],"collection":[{"href":"https:\/\/www.cardinal-creation.com\/at-packaging\/wp-json\/wp\/v2\/pages"}],"about":[{"href":"https:\/\/www.cardinal-creation.com\/at-packaging\/wp-json\/wp\/v2\/types\/page"}],"author":[{"embeddable":true,"href":"https:\/\/www.cardinal-creation.com\/at-packaging\/wp-json\/wp\/v2\/users\/1"}],"replies":[{"embeddable":true,"href":"https:\/\/www.cardinal-creation.com\/at-packaging\/wp-json\/wp\/v2\/comments?post=1484"}],"version-history":[{"count":88,"href":"https:\/\/www.cardinal-creation.com\/at-packaging\/wp-json\/wp\/v2\/pages\/1484\/revisions"}],"predecessor-version":[{"id":3071,"href":"https:\/\/www.cardinal-creation.com\/at-packaging\/wp-json\/wp\/v2\/pages\/1484\/revisions\/3071"}],"wp:attachment":[{"href":"https:\/\/www.cardinal-creation.com\/at-packaging\/wp-json\/wp\/v2\/media?parent=1484"}],"curies":[{"name":"wp","href":"https:\/\/api.w.org\/{rel}","templated":true}]}}